{"id":102,"date":"2021-09-01T15:09:22","date_gmt":"2021-09-01T13:09:22","guid":{"rendered":"https:\/\/bgtooling.online\/?page_id=102"},"modified":"2022-10-05T09:41:17","modified_gmt":"2022-10-05T07:41:17","slug":"about-us","status":"publish","type":"page","link":"https:\/\/bgtooling.online\/de\/about-us\/","title":{"rendered":"\u00dcber uns"},"content":{"rendered":"<div class=\"wp-block-group alignfull\"><div class=\"wp-block-group__inner-container is-layout-flow wp-block-group-is-layout-flow\"><div class=\"n2_clear\"><ss3-force-full-width data-overflow-x=\"body\" data-horizontal-selector=\"\"><div class=\"n2-section-smartslider fitvidsignore  n2_clear\" data-ssid=\"3\" tabindex=\"0\" role=\"region\" aria-label=\"Slider\"><div id=\"n2-ss-3-align\" class=\"n2-ss-align\"><div class=\"n2-padding\"><div id=\"n2-ss-3\" data-creator=\"Smart Slider 3\" data-responsive=\"fullwidth\" class=\"n2-ss-slider n2-ow n2-has-hover n2notransition\">\n        <div class=\"n2-ss-slider-1 n2_ss__touch_element n2-ow\">\n            <div class=\"n2-ss-slider-2 n2-ow\">\n                                                <div class=\"n2-ss-slider-3 n2-ow\">\n\n                    <div class=\"n2-ss-slide-backgrounds n2-ow-all\"><div class=\"n2-ss-slide-background\" data-public-id=\"1\" data-mode=\"fill\"><div class=\"n2-ss-slide-background-image\" data-blur=\"0\" data-opacity=\"100\" data-x=\"52\" data-y=\"54\" data-alt=\"\" data-title=\"\" style=\"--ss-o-pos-x:52%;--ss-o-pos-y:54%\"><picture class=\"skip-lazy\" data-skip-lazy=\"1\"><img decoding=\"async\" src=\"\/\/bgtooling.online\/wp-content\/uploads\/slider\/cache\/b48ac3480abb6874e7dd28e9c73d95ff\/E0A8744.jpg\" alt=\"\" title=\"\" loading=\"lazy\" class=\"skip-lazy\" data-skip-lazy=\"1\"><\/picture><\/div><div data-color=\"RGBA(255,255,255,0)\" style=\"background-color: RGBA(255,255,255,0);\" class=\"n2-ss-slide-background-color\"><\/div><\/div><\/div>                    <div class=\"n2-ss-slider-4 n2-ow\">\n                        <svg xmlns=\"http:\/\/www.w3.org\/2000\/svg\" viewbox=\"0 0 1448 430\" data-related-device=\"desktopPortrait\" class=\"n2-ow n2-ss-preserve-size n2-ss-preserve-size--slider n2-ss-slide-limiter\"><\/svg><div data-first=\"1\" data-slide-duration=\"0\" data-id=\"6\" data-slide-public-id=\"1\" data-title=\"Slide 1\" class=\"n2-ss-slide n2-ow  n2-ss-slide-6\"><div role=\"note\" class=\"n2-ss-slide--focus\" tabindex=\"-1\">Slide 1<\/div><div class=\"n2-ss-layers-container n2-ss-slide-limiter n2-ow\"><div class=\"n2-ss-layer n2-ow n-uc-PjpyKqc0w0eF\" data-sstype=\"slide\" data-pm=\"default\"><div class=\"n2-ss-layer n2-ow n-uc-R4KW2VRRdmAc\" data-pm=\"default\" data-sstype=\"content\" data-hasbackground=\"0\"><div class=\"n2-ss-section-main-content n2-ss-layer-with-background n2-ss-layer-content n2-ow n-uc-R4KW2VRRdmAc-inner\"><div class=\"n2-ss-layer n2-ow n2-ss-layer--auto n2-ss-has-self-align n-uc-hxuxDf4HGABm\" data-pm=\"normal\" data-sstype=\"row\"><div class=\"n2-ss-layer-row n2-ss-layer-with-background n-uc-hxuxDf4HGABm-inner\"><div class=\"n2-ss-layer-row-inner\"><div class=\"n2-ss-layer n2-ow n-uc-IKflVzu7keJQ\" data-pm=\"default\" data-sstype=\"col\"><div class=\"n2-ss-layer-col n2-ss-layer-with-background n2-ss-layer-content n-uc-IKflVzu7keJQ-inner\"><div class=\"n2-ss-layer n2-ow n-uc-amBOqXKlcIig\" data-pm=\"normal\" data-sstype=\"layer\"><h2 id=\"n2-ss-3item1\" class=\"n2-font-7b62b381999ed298f1cea0131406ce6e-hover   n2-ss-item-content n2-ss-text n2-ow\" style=\"display:block;\">Wir sind B\u00e4nninger Global Tooling.<\/h2><\/div><div class=\"n2-ss-layer n2-ow n-uc-MVH9HkXAXCAn\" data-pm=\"normal\" data-sstype=\"layer\"><div class=\"n2-ss-item-content n2-ss-text n2-ow-all\"><div class=\"\"><p class=\"n2-font-45f2ef364257c746623eaa524097b26f-paragraph\">Voller Erfahrung in die Zukunft blickend.<br \/>\nF\u00fchrend in Fortschritt und Innovation.<\/p>\n<\/div><\/div><\/div><\/div><\/div><\/div><\/div><\/div><\/div><\/div><\/div><\/div><\/div>                    <\/div>\n\n                                    <\/div>\n            <\/div>\n        <\/div>\n        <\/div><ss3-loader><\/ss3-loader><\/div><\/div><div class=\"n2_clear\"><\/div><\/div><\/ss3-force-full-width><\/div><\/div><\/div>\n\n\n\n<div class=\"wp-block-group alignfull has-background\" style=\"background-color:#d1dfe4\"><div class=\"wp-block-group__inner-container is-layout-flow wp-block-group-is-layout-flow\">\n<div style=\"height:100px\" aria-hidden=\"true\" class=\"wp-block-spacer\"><\/div>\n\n\n\n<h2 class=\"wp-block-heading\">Unsere Mission.<\/h2>\n\n\n\n<p>Unser Weg begann mit der Entwicklung komplexer Werkzeuge. Heute z\u00e4hlen wir zu den Top-Unternehmen f\u00fcr hochpr\u00e4zise Teilefertigung. Was wir aus \u00fcber 100 Jahren Erfolgsgeschichte in die Zukunft mitnehmen? Leidenschaft f\u00fcr Qualit\u00e4t und Innovation.<br>Schon fr\u00fch erreichte uns die Nachfrage nach exzellenten Fertigungsl\u00f6sungen aus dem globalen Markt. Wir konnten in nur kurzer Zeit eine Premium-Position erarbeiten, die wir stets mit neuesten Technologien weiter ausbauen. Das Ergebnis? H\u00f6chste Zuverl\u00e4ssigkeit und ein konsequent kundenzentrierter Service.<\/p>\n\n\n\n<div style=\"height:100px\" aria-hidden=\"true\" class=\"wp-block-spacer\"><\/div>\n<\/div><\/div>\n\n\n\n<div class=\"wp-block-group alignfull\"><div class=\"wp-block-group__inner-container is-layout-flow wp-block-group-is-layout-flow\">\n<div style=\"height:100px\" aria-hidden=\"true\" class=\"wp-block-spacer\"><\/div>\n\n\n\n<h2 class=\"has-text-align-center wp-block-heading\">Wof\u00fcr wir stehen:<\/h2>\n\n\n\n<div style=\"height:50px\" aria-hidden=\"true\" class=\"wp-block-spacer\"><\/div>\n\n\n\n<div class=\"wp-block-media-text alignwide is-stacked-on-mobile is-image-fill has-white-background-color has-background\"><figure class=\"wp-block-media-text__media\" style=\"background-image:url(https:\/\/bgtooling.online\/wp-content\/uploads\/2021\/12\/k-IBP_Wetzlar-8717-1024x683.jpg);background-position:50% 50%\"><img loading=\"lazy\" decoding=\"async\" width=\"1024\" height=\"683\" src=\"https:\/\/bgtooling.online\/wp-content\/uploads\/2021\/12\/k-IBP_Wetzlar-8717-1024x683.jpg\" alt=\"\" class=\"wp-image-669 size-full\" srcset=\"https:\/\/bgtooling.online\/wp-content\/uploads\/2021\/12\/k-IBP_Wetzlar-8717-1024x683.jpg 1024w, https:\/\/bgtooling.online\/wp-content\/uploads\/2021\/12\/k-IBP_Wetzlar-8717-300x200.jpg 300w, https:\/\/bgtooling.online\/wp-content\/uploads\/2021\/12\/k-IBP_Wetzlar-8717-768x512.jpg 768w, https:\/\/bgtooling.online\/wp-content\/uploads\/2021\/12\/k-IBP_Wetzlar-8717-18x12.jpg 18w, https:\/\/bgtooling.online\/wp-content\/uploads\/2021\/12\/k-IBP_Wetzlar-8717.jpg 1344w\" sizes=\"auto, (max-width: 1024px) 100vw, 1024px\" \/><\/figure><div class=\"wp-block-media-text__content\">\n<ul class=\"wp-block-list\"><li>Pr\u00e4zision und Technik Made in Germany<\/li><li>kundenzentrierter Service und Support<\/li><li>Spezial-Know-how und langj\u00e4hrige Erfahrung<\/li><li>individuelle und innovative Kundenl\u00f6sungen<\/li><li>hervorragende Beratungsdienstleistungen<\/li><li>hohe Sozial- und Umweltstandards<\/li><li>wertsch\u00e4tzender Umgang mit Mitarbeitenden<\/li><li>umfangreiches Aus- und Weiterbildungsprogramm<\/li><\/ul>\n<\/div><\/div>\n\n\n\n<div style=\"height:100px\" aria-hidden=\"true\" class=\"wp-block-spacer\"><\/div>\n\n\n\n<div class=\"wp-block-media-text alignwide has-media-on-the-right is-stacked-on-mobile is-image-fill\"><figure class=\"wp-block-media-text__media\" style=\"background-image:url(https:\/\/bgtooling.online\/wp-content\/uploads\/2021\/11\/E0A8545-683x1024.jpg);background-position:50% 50%\"><img loading=\"lazy\" decoding=\"async\" width=\"683\" height=\"1024\" src=\"https:\/\/bgtooling.online\/wp-content\/uploads\/2021\/11\/E0A8545-683x1024.jpg\" alt=\"\" class=\"wp-image-542 size-full\" srcset=\"https:\/\/bgtooling.online\/wp-content\/uploads\/2021\/11\/E0A8545-683x1024.jpg 683w, https:\/\/bgtooling.online\/wp-content\/uploads\/2021\/11\/E0A8545-200x300.jpg 200w, https:\/\/bgtooling.online\/wp-content\/uploads\/2021\/11\/E0A8545-768x1152.jpg 768w, https:\/\/bgtooling.online\/wp-content\/uploads\/2021\/11\/E0A8545-1024x1536.jpg 1024w, https:\/\/bgtooling.online\/wp-content\/uploads\/2021\/11\/E0A8545-8x12.jpg 8w, https:\/\/bgtooling.online\/wp-content\/uploads\/2021\/11\/E0A8545-rotated.jpg 1280w\" sizes=\"auto, (max-width: 683px) 100vw, 683px\" \/><\/figure><div class=\"wp-block-media-text__content\">\n<h2 class=\"wp-block-heading\">Seit \u00fcber 100 Jahren im Dienst der Industrie.<\/h2>\n\n\n\n<p>Unsere beste Werbung sind unsere zufriedenen Kunden. Industriekunden aus den unterschiedlichsten Branchen vertrauen seit \u00fcber 100 Jahren auf unsere Fertigungsdienstleistungen. Wir bieten ma\u00dfgeschneiderten 360\u00b0 Service f\u00fcr kleine, mittelst\u00e4ndische und gro\u00dfe Unternehmen, der allen Anforderungen gerecht wird. Was haben unsere zufriedenen Kunden aus verschiedenen Branchen gemeinsam? Sie brauchen hochpr\u00e4zise und sehr langlebige Produkte. Made by B\u00e4nninger Global Tooling. Made in Germany.&nbsp;<\/p>\n\n\n\n<p>Zu den Branchen, die wir bedient haben, geh\u00f6ren:<\/p>\n\n\n\n<ul class=\"wp-block-list\"><li>Druckmaschinen<\/li><li>Ultraschalltechnik<\/li><li>Automobilindustrie<\/li><li>Gummiindustrie<\/li><li>Messtechnologie<\/li><li>Optische Industrie<\/li><li>Sintertechnik<\/li><li>Und viele mehr...<\/li><\/ul>\n<\/div><\/div>\n\n\n\n<div style=\"height:100px\" aria-hidden=\"true\" class=\"wp-block-spacer\"><\/div>\n<\/div><\/div>\n\n\n\n<div class=\"wp-block-cover alignfull is-light has-parallax\" style=\"background-image:url(https:\/\/bgtooling.online\/wp-content\/uploads\/2021\/11\/k-IBP_Wetzlar-8083-scaled.jpg);min-height:536px;aspect-ratio:unset;\"><span aria-hidden=\"true\" class=\"wp-block-cover__background has-background-dim\"><\/span><div class=\"wp-block-cover__inner-container is-layout-flow wp-block-cover-is-layout-flow\">\n<h2 class=\"has-text-align-center wp-block-heading\">Wir sind stolz auf unsere Herkunft und blicken voller Optimismus in die Zukunft.<\/h2>\n\n\n\n<div class=\"wp-block-buttons is-horizontal is-content-justification-center is-layout-flex wp-container-core-buttons-is-layout-499968f5 wp-block-buttons-is-layout-flex\">\n<div class=\"wp-block-button\"><a class=\"wp-block-button__link\" href=\"\/de\/history-2\/\">Erfahren Sie mehr \u00fcber unsere Geschichte<\/a><\/div>\n<\/div>\n<\/div><\/div>\n\n\n\n<div class=\"wp-block-group alignfull\"><div class=\"wp-block-group__inner-container is-layout-flow wp-block-group-is-layout-flow\">\n<div style=\"height:100px\" aria-hidden=\"true\" class=\"wp-block-spacer\"><\/div>\n\n\n\n<h2 class=\"has-text-align-center wp-block-heading\"> Unsere Mitarbeiter. <\/h2>\n\n\n\n<div style=\"height:50px\" aria-hidden=\"true\" class=\"wp-block-spacer\"><\/div>\n\n\n\n<div class=\"wp-block-media-text alignwide is-stacked-on-mobile is-vertically-aligned-center is-image-fill\" style=\"grid-template-columns:51% auto\"><figure class=\"wp-block-media-text__media\" style=\"background-image:url(https:\/\/bgtooling.online\/wp-content\/uploads\/2021\/11\/k-IBP_Wetzlar-9114-1024x683.jpg);background-position:50% 34%\"><img loading=\"lazy\" decoding=\"async\" width=\"1024\" height=\"683\" src=\"https:\/\/bgtooling.online\/wp-content\/uploads\/2021\/11\/k-IBP_Wetzlar-9114-1024x683.jpg\" alt=\"\" class=\"wp-image-602 size-full\" srcset=\"https:\/\/bgtooling.online\/wp-content\/uploads\/2021\/11\/k-IBP_Wetzlar-9114-1024x683.jpg 1024w, https:\/\/bgtooling.online\/wp-content\/uploads\/2021\/11\/k-IBP_Wetzlar-9114-300x200.jpg 300w, https:\/\/bgtooling.online\/wp-content\/uploads\/2021\/11\/k-IBP_Wetzlar-9114-768x512.jpg 768w, https:\/\/bgtooling.online\/wp-content\/uploads\/2021\/11\/k-IBP_Wetzlar-9114-1536x1024.jpg 1536w, https:\/\/bgtooling.online\/wp-content\/uploads\/2021\/11\/k-IBP_Wetzlar-9114-2048x1365.jpg 2048w, https:\/\/bgtooling.online\/wp-content\/uploads\/2021\/11\/k-IBP_Wetzlar-9114-18x12.jpg 18w, https:\/\/bgtooling.online\/wp-content\/uploads\/2021\/11\/k-IBP_Wetzlar-9114-1568x1045.jpg 1568w\" sizes=\"auto, (max-width: 1024px) 100vw, 1024px\" \/><\/figure><div class=\"wp-block-media-text__content\">\n<p class=\"translation-block\">Die hochkar\u00e4tige Aus- und Weiterbildung ist Teil unserer Gesch\u00e4ftsstrategie. Dadurch erm\u00f6glichen wir komplexere Fertigungsverfahren und eine Digitalisierung der Prozesse.\n<br>\n<br>\nWir sind \u00fcberzeugt, dass Mensch und Maschine gemeinsam die Herausforderungen der Zukunft l\u00f6sen werden. Der fortschreitende Automatisierungsprozess erfordert dazu gut ausgebildete Mitarbeiter. B\u00e4nninger Global Tooling investiert gezielt in die kontinuierliche Aus- und Fortbildung. Zudem bilden wir regelm\u00e4\u00dfig junge Menschen praxisorientiert und auf hohem Niveau aus. Ziel ist es, Sie sp\u00e4ter als Mitarbeiter zu \u00fcbernehmen und in unser modernes Team zu integrieren.\n<br>\n<br>\nWir sind st\u00e4ndig dabei, unser Team mit neuen qualifizierten Mitarbeitern zu verbessern. Unser Ziel, die besten Produkte zu erzielen, wird von unserem Team angetrieben. Sind Sie auf der Suche nach einer gro\u00dfartigen Gelegenheit in einem famili\u00e4ren und hochprofessionellen Team?<\/p>\n\n\n\n<div class=\"wp-block-buttons is-layout-flex wp-block-buttons-is-layout-flex\">\n<div class=\"wp-block-button\"><a class=\"wp-block-button__link\" href=\"https:\/\/conexbanninger.com\/de-de\/karriere\" target=\"_blank\" rel=\"noreferrer noopener\">Zu den offenen Stellen<\/a><\/div>\n<\/div>\n<\/div><\/div>\n\n\n\n<div style=\"height:100px\" aria-hidden=\"true\" class=\"wp-block-spacer\"><\/div>\n<\/div><\/div>","protected":false},"excerpt":{"rendered":"<p>Our Mission. Some call it profession, we call it passion. For more than 100 years we have followed our desire for progress and innovate in all areas of parts manufacture. Initially, we started as an internal service provider for our Conex and B\u00e4nninger brands, supplying tooling to meet the high quality standards expected in the&hellip; <a class=\"more-link\" href=\"https:\/\/bgtooling.online\/de\/about-us\/\"><span class=\"screen-reader-text\">\u00dcber uns<\/span> weiterlesen<\/a><\/p>","protected":false},"author":1,"featured_media":0,"parent":0,"menu_order":0,"comment_status":"closed","ping_status":"closed","template":"","meta":{"footnotes":""},"class_list":["post-102","page","type-page","status-publish","hentry","entry"],"yoast_head":"<!-- This site is optimized with the Yoast SEO plugin v27.4 - https:\/\/yoast.com\/product\/yoast-seo-wordpress\/ -->\n<title>About us - BGTooling - Precision Engineering<\/title>\n<meta name=\"robots\" content=\"index, follow, max-snippet:-1, max-image-preview:large, max-video-preview:-1\" \/>\n<link rel=\"canonical\" href=\"https:\/\/bgtooling.online\/de\/about-us\/\" \/>\n<meta property=\"og:locale\" content=\"de_DE\" \/>\n<meta property=\"og:type\" content=\"article\" \/>\n<meta property=\"og:title\" content=\"About us - BGTooling - Precision Engineering\" \/>\n<meta property=\"og:description\" content=\"Our Mission. Some call it profession, we call it passion. For more than 100 years we have followed our desire for progress and innovate in all areas of parts manufacture. Initially, we started as an internal service provider for our Conex and B\u00e4nninger brands, supplying tooling to meet the high quality standards expected in the&hellip; About us weiterlesen\" \/>\n<meta property=\"og:url\" content=\"https:\/\/bgtooling.online\/de\/about-us\/\" \/>\n<meta property=\"og:site_name\" content=\"BGTooling - Precision Engineering\" \/>\n<meta property=\"article:modified_time\" content=\"2022-10-05T07:41:17+00:00\" \/>\n<meta property=\"og:image\" content=\"https:\/\/bgtooling.online\/wp-content\/uploads\/2021\/12\/k-IBP_Wetzlar-8717-1024x683.jpg\" \/>\n<meta name=\"twitter:card\" content=\"summary_large_image\" \/>\n<meta name=\"twitter:label1\" content=\"Gesch\u00e4tzte Lesezeit\" \/>\n\t<meta name=\"twitter:data1\" content=\"2\u00a0Minuten\" \/>\n<script type=\"application\/ld+json\" class=\"yoast-schema-graph\">{\"@context\":\"https:\\\/\\\/schema.org\",\"@graph\":[{\"@type\":\"WebPage\",\"@id\":\"https:\\\/\\\/bgtooling.online\\\/de\\\/about-us\\\/\",\"url\":\"https:\\\/\\\/bgtooling.online\\\/de\\\/about-us\\\/\",\"name\":\"About us - BGTooling - Precision Engineering\",\"isPartOf\":{\"@id\":\"https:\\\/\\\/bgtooling.online\\\/de\\\/#website\"},\"primaryImageOfPage\":{\"@id\":\"https:\\\/\\\/bgtooling.online\\\/de\\\/about-us\\\/#primaryimage\"},\"image\":{\"@id\":\"https:\\\/\\\/bgtooling.online\\\/de\\\/about-us\\\/#primaryimage\"},\"thumbnailUrl\":\"https:\\\/\\\/bgtooling.online\\\/wp-content\\\/uploads\\\/2021\\\/12\\\/k-IBP_Wetzlar-8717-1024x683.jpg\",\"datePublished\":\"2021-09-01T13:09:22+00:00\",\"dateModified\":\"2022-10-05T07:41:17+00:00\",\"breadcrumb\":{\"@id\":\"https:\\\/\\\/bgtooling.online\\\/de\\\/about-us\\\/#breadcrumb\"},\"inLanguage\":\"de\",\"potentialAction\":[{\"@type\":\"ReadAction\",\"target\":[\"https:\\\/\\\/bgtooling.online\\\/de\\\/about-us\\\/\"]}]},{\"@type\":\"ImageObject\",\"inLanguage\":\"de\",\"@id\":\"https:\\\/\\\/bgtooling.online\\\/de\\\/about-us\\\/#primaryimage\",\"url\":\"https:\\\/\\\/bgtooling.online\\\/wp-content\\\/uploads\\\/2021\\\/12\\\/k-IBP_Wetzlar-8717-1024x683.jpg\",\"contentUrl\":\"https:\\\/\\\/bgtooling.online\\\/wp-content\\\/uploads\\\/2021\\\/12\\\/k-IBP_Wetzlar-8717-1024x683.jpg\"},{\"@type\":\"BreadcrumbList\",\"@id\":\"https:\\\/\\\/bgtooling.online\\\/de\\\/about-us\\\/#breadcrumb\",\"itemListElement\":[{\"@type\":\"ListItem\",\"position\":1,\"name\":\"Home\",\"item\":\"https:\\\/\\\/bgtooling.online\\\/de\\\/\"},{\"@type\":\"ListItem\",\"position\":2,\"name\":\"About us\"}]},{\"@type\":\"WebSite\",\"@id\":\"https:\\\/\\\/bgtooling.online\\\/de\\\/#website\",\"url\":\"https:\\\/\\\/bgtooling.online\\\/de\\\/\",\"name\":\"BGTooling - Precision Engineering\",\"description\":\"Leading Progress &amp; Innovation\",\"publisher\":{\"@id\":\"https:\\\/\\\/bgtooling.online\\\/de\\\/#organization\"},\"potentialAction\":[{\"@type\":\"SearchAction\",\"target\":{\"@type\":\"EntryPoint\",\"urlTemplate\":\"https:\\\/\\\/bgtooling.online\\\/de\\\/?s={search_term_string}\"},\"query-input\":{\"@type\":\"PropertyValueSpecification\",\"valueRequired\":true,\"valueName\":\"search_term_string\"}}],\"inLanguage\":\"de\"},{\"@type\":\"Organization\",\"@id\":\"https:\\\/\\\/bgtooling.online\\\/de\\\/#organization\",\"name\":\"BGTooling - Precision Engineering\",\"url\":\"https:\\\/\\\/bgtooling.online\\\/de\\\/\",\"logo\":{\"@type\":\"ImageObject\",\"inLanguage\":\"de\",\"@id\":\"https:\\\/\\\/bgtooling.online\\\/de\\\/#\\\/schema\\\/logo\\\/image\\\/\",\"url\":\"https:\\\/\\\/bgtooling.online\\\/wp-content\\\/uploads\\\/2021\\\/09\\\/Banninger-Global-Tooling-RGB.png\",\"contentUrl\":\"https:\\\/\\\/bgtooling.online\\\/wp-content\\\/uploads\\\/2021\\\/09\\\/Banninger-Global-Tooling-RGB.png\",\"width\":2044,\"height\":798,\"caption\":\"BGTooling - Precision Engineering\"},\"image\":{\"@id\":\"https:\\\/\\\/bgtooling.online\\\/de\\\/#\\\/schema\\\/logo\\\/image\\\/\"}}]}<\/script>\n<!-- \/ Yoast SEO plugin. -->","yoast_head_json":{"title":"About us - BGTooling - Precision Engineering","robots":{"index":"index","follow":"follow","max-snippet":"max-snippet:-1","max-image-preview":"max-image-preview:large","max-video-preview":"max-video-preview:-1"},"canonical":"https:\/\/bgtooling.online\/de\/about-us\/","og_locale":"de_DE","og_type":"article","og_title":"About us - BGTooling - Precision Engineering","og_description":"Our Mission. Some call it profession, we call it passion. For more than 100 years we have followed our desire for progress and innovate in all areas of parts manufacture. Initially, we started as an internal service provider for our Conex and B\u00e4nninger brands, supplying tooling to meet the high quality standards expected in the&hellip; About us weiterlesen","og_url":"https:\/\/bgtooling.online\/de\/about-us\/","og_site_name":"BGTooling - Precision Engineering","article_modified_time":"2022-10-05T07:41:17+00:00","og_image":[{"url":"https:\/\/bgtooling.online\/wp-content\/uploads\/2021\/12\/k-IBP_Wetzlar-8717-1024x683.jpg","type":"","width":"","height":""}],"twitter_card":"summary_large_image","twitter_misc":{"Gesch\u00e4tzte Lesezeit":"2\u00a0Minuten"},"schema":{"@context":"https:\/\/schema.org","@graph":[{"@type":"WebPage","@id":"https:\/\/bgtooling.online\/de\/about-us\/","url":"https:\/\/bgtooling.online\/de\/about-us\/","name":"About us - BGTooling - Precision Engineering","isPartOf":{"@id":"https:\/\/bgtooling.online\/de\/#website"},"primaryImageOfPage":{"@id":"https:\/\/bgtooling.online\/de\/about-us\/#primaryimage"},"image":{"@id":"https:\/\/bgtooling.online\/de\/about-us\/#primaryimage"},"thumbnailUrl":"https:\/\/bgtooling.online\/wp-content\/uploads\/2021\/12\/k-IBP_Wetzlar-8717-1024x683.jpg","datePublished":"2021-09-01T13:09:22+00:00","dateModified":"2022-10-05T07:41:17+00:00","breadcrumb":{"@id":"https:\/\/bgtooling.online\/de\/about-us\/#breadcrumb"},"inLanguage":"de","potentialAction":[{"@type":"ReadAction","target":["https:\/\/bgtooling.online\/de\/about-us\/"]}]},{"@type":"ImageObject","inLanguage":"de","@id":"https:\/\/bgtooling.online\/de\/about-us\/#primaryimage","url":"https:\/\/bgtooling.online\/wp-content\/uploads\/2021\/12\/k-IBP_Wetzlar-8717-1024x683.jpg","contentUrl":"https:\/\/bgtooling.online\/wp-content\/uploads\/2021\/12\/k-IBP_Wetzlar-8717-1024x683.jpg"},{"@type":"BreadcrumbList","@id":"https:\/\/bgtooling.online\/de\/about-us\/#breadcrumb","itemListElement":[{"@type":"ListItem","position":1,"name":"Home","item":"https:\/\/bgtooling.online\/de\/"},{"@type":"ListItem","position":2,"name":"About us"}]},{"@type":"WebSite","@id":"https:\/\/bgtooling.online\/de\/#website","url":"https:\/\/bgtooling.online\/de\/","name":"BGTooling - Precision Engineering","description":"Leading Progress &amp; Innovation","publisher":{"@id":"https:\/\/bgtooling.online\/de\/#organization"},"potentialAction":[{"@type":"SearchAction","target":{"@type":"EntryPoint","urlTemplate":"https:\/\/bgtooling.online\/de\/?s={search_term_string}"},"query-input":{"@type":"PropertyValueSpecification","valueRequired":true,"valueName":"search_term_string"}}],"inLanguage":"de"},{"@type":"Organization","@id":"https:\/\/bgtooling.online\/de\/#organization","name":"BGTooling - Precision Engineering","url":"https:\/\/bgtooling.online\/de\/","logo":{"@type":"ImageObject","inLanguage":"de","@id":"https:\/\/bgtooling.online\/de\/#\/schema\/logo\/image\/","url":"https:\/\/bgtooling.online\/wp-content\/uploads\/2021\/09\/Banninger-Global-Tooling-RGB.png","contentUrl":"https:\/\/bgtooling.online\/wp-content\/uploads\/2021\/09\/Banninger-Global-Tooling-RGB.png","width":2044,"height":798,"caption":"BGTooling - Precision Engineering"},"image":{"@id":"https:\/\/bgtooling.online\/de\/#\/schema\/logo\/image\/"}}]}},"_links":{"self":[{"href":"https:\/\/bgtooling.online\/de\/wp-json\/wp\/v2\/pages\/102","targetHints":{"allow":["GET"]}}],"collection":[{"href":"https:\/\/bgtooling.online\/de\/wp-json\/wp\/v2\/pages"}],"about":[{"href":"https:\/\/bgtooling.online\/de\/wp-json\/wp\/v2\/types\/page"}],"author":[{"embeddable":true,"href":"https:\/\/bgtooling.online\/de\/wp-json\/wp\/v2\/users\/1"}],"replies":[{"embeddable":true,"href":"https:\/\/bgtooling.online\/de\/wp-json\/wp\/v2\/comments?post=102"}],"version-history":[{"count":54,"href":"https:\/\/bgtooling.online\/de\/wp-json\/wp\/v2\/pages\/102\/revisions"}],"predecessor-version":[{"id":1030,"href":"https:\/\/bgtooling.online\/de\/wp-json\/wp\/v2\/pages\/102\/revisions\/1030"}],"wp:attachment":[{"href":"https:\/\/bgtooling.online\/de\/wp-json\/wp\/v2\/media?parent=102"}],"curies":[{"name":"wp","href":"https:\/\/api.w.org\/{rel}","templated":true}]}}