{"id":327,"date":"2021-09-08T14:07:52","date_gmt":"2021-09-08T12:07:52","guid":{"rendered":"https:\/\/bgtooling.online\/?page_id=327"},"modified":"2022-11-08T15:47:58","modified_gmt":"2022-11-08T14:47:58","slug":"privacy-policy","status":"publish","type":"page","link":"https:\/\/bgtooling.online\/de\/privacy-policy\/","title":{"rendered":"Datenschutzerkl\u00e4rung"},"content":{"rendered":"<div class=\"wp-block-group alignfull\"><div class=\"wp-block-group__inner-container is-layout-flow wp-block-group-is-layout-flow\">\n<div style=\"height:50px\" aria-hidden=\"true\" class=\"wp-block-spacer\"><\/div>\n\n\n\n<h1 class=\"alignwide wp-block-heading\" id=\"privacy-policy\">Datenschutzerkl\u00e4rung<\/h1>\n\n\n\n<div style=\"height:50px\" aria-hidden=\"true\" class=\"wp-block-spacer\"><\/div>\n<\/div><\/div>\n\n\n\n<h2 class=\"wp-block-heading\" id=\"1-responsibility-for-your-data\">1) Verantwortlichkeit f\u00fcr Ihre Daten<\/h2>\n\n\n\n<p><strong>IBP GmbH<\/strong><br><strong>Theodor-Heuss-Strasse<\/strong> 18,<br>35440 Linden<\/p>\n\n\n\n<p>Tel.: +49 64 03 77 85 &#8211; 0<\/p>\n\n\n\n<p>Als unser Kunde erwarten Sie nicht nur von unseren Produkten, sondern auch bei der Verarbeitung Ihrer personenbezogenen Daten ein hohes Ma\u00df an Qualit\u00e4t.<\/p>\n\n\n\n<p>Wir sind verantwortlich f\u00fcr den Umgang mit Ihren Daten, die wir nach Ihren W\u00fcnschen und nach den Vorgaben der deutschen und EU-Datenschutzgesetze verarbeiten. Ihre personenbezogenen Daten werden von uns nur verarbeitet, sofern eine Rechtsvorschrift dies erlaubt oder Sie zuvor eingewilligt haben.<\/p>\n\n\n\n<p>Sie erreichen uns neben der oben genannten Postanschrift auch per E-Mail unter customer-servicede at ibpgroup.com (at=@).<\/p>\n\n\n\n<h2 class=\"wp-block-heading\" id=\"2-data-protection-officer\">2) Datenschutzbeauftragter<\/h2>\n\n\n\n<p>2)\tZur Wahrung Ihrer Rechte und um die rechtlich einwandfreie Verarbeitung Ihrer Daten sicherzustellen, haben wir einen externen Datenschutzbeauftragten benannt. Dieses sind die Kontaktdaten:<\/p>\n\n\n\n<p>Marco weber<br>gds &#8211; Gesellschaft f\u00fcr datenschutz Mittelhessen mbh<br>datenschutz at gdsm.de (at = @).<br>06421 \/ 870413-10<\/p>\n\n\n\n<p>Mit den nachfolgenden Hinweisen m\u00f6chten wir Sie \u00fcber die Verarbeitung Ihrer Daten auf unseren Websites informieren:<\/p>\n\n\n\n<h2 class=\"wp-block-heading\" id=\"3-information-about-the-collection-of-personal-data\">3) Information \u00fcber die Erhebung personenbezogener Daten<\/h2>\n\n\n\n<p>a) Bei Ihrer Kontaktaufnahme mit uns per E-Mail oder \u00fcber ein Kontaktformular werden die von Ihnen mitgeteilten Daten (Ihre E-Mail-Adresse, ggf. Ihr Name und Ihre Telefonnummer) von uns gespeichert, um Ihre Fragen zu beantworten. Die in diesem Zusammenhang anfallenden Daten l\u00f6schen wir, nachdem die Speicherung nicht mehr erforderlich ist, oder schr\u00e4nken die Verarbeitung ein, falls gesetzliche Aufbewahrungspflichten bestehen.<\/p>\n\n\n\n<p>b) Falls wir f\u00fcr einzelne Funktionen unseres Angebots auf beauftragte Dienstleister zur\u00fcck-greifen oder Ihre Daten f\u00fcr werbliche Zwecke nutzen m\u00f6chten, werden wir Sie unten-stehend im Detail \u00fcber die jeweiligen Vorg\u00e4nge informieren. Dabei nennen wir auch die festgelegten Kriterien der Speicherdauer.<\/p>\n\n\n\n<h2 class=\"wp-block-heading\" id=\"4-your-rights\">4) Ihre Rechte<\/h2>\n\n\n\n<p>a) Sie haben gegen\u00fcber uns folgende Rechte hinsichtlich der Sie betreffenden personenbezogenen Daten:<\/p>\n\n\n\n<ul class=\"wp-block-list\">\n<li>Recht auf Auskunft,<\/li>\n\n\n\n<li>Recht auf Berichtigung oder L\u00f6schung,<\/li>\n\n\n\n<li>Recht auf Einschr\u00e4nkung der Verarbeitung,<\/li>\n\n\n\n<li>Recht auf Widerspruch gegen die Verarbeitung,<\/li>\n\n\n\n<li>Recht auf Daten\u00fcbertragbarkeit.<\/li>\n<\/ul>\n\n\n\n<p>b) Sie haben zudem das Recht, sich bei einer Datenschutz-Aufsichtsbeh\u00f6rde \u00fcber die Verarbeitung Ihrer personenbezogenen Daten durch uns zu beschweren.<\/p>\n\n\n\n<h2 class=\"wp-block-heading\" id=\"5-collection-of-personal-data-when-visiting-our-website\">5) Erhebung personenbezogener Daten bei Besuch unserer Website<\/h2>\n\n\n\n<p>a) Bei der blo\u00df informatorischen Nutzung der Website, also wenn Sie sich nicht registrieren oder uns anderweitig Informationen \u00fcbermitteln, erheben wir nur die personenbezogenen Daten, die Ihr Browser an unseren Server \u00fcbermittelt. Wenn Sie unsere Web-site betrachten m\u00f6chten, erheben wir die folgenden Daten, die f\u00fcr uns technisch erforderlich sind, um Ihnen unsere Website anzuzeigen und die Stabilit\u00e4t und Sicherheit zu gew\u00e4hrleisten<br>(Rechtsgrundlage ist Art. 6 Abs. 1 S. 1 lit. f DSGVO):<\/p>\n\n\n\n<ul class=\"wp-block-list\">\n<li>IP-Adresse<\/li>\n\n\n\n<li>Datum und Uhrzeit der Anfrage<\/li>\n\n\n\n<li>Zeitzonendifferenz zur Greenwich Mean Time (GMT)<\/li>\n\n\n\n<li>Inhalt der Anforderung (konkrete Seite)<\/li>\n\n\n\n<li>Zugriffsstatus\/HTTP-Statuscode<\/li>\n\n\n\n<li>jeweils \u00fcbertragene Datenmenge<\/li>\n\n\n\n<li>Website, von der die Anforderung kommt<\/li>\n\n\n\n<li>Browser<\/li>\n\n\n\n<li>Betriebssystem und dessen Oberfl\u00e4che<\/li>\n\n\n\n<li>Sprache und Version der Browsersoftware.<\/li>\n<\/ul>\n\n\n\n<p>b) Zus\u00e4tzlich zu den zuvor genannten Daten werden bei Ihrer Nutzung unserer Website Cookies auf Ihrem Rechner gespeichert. Bei Cookies handelt es sich um kleine Textdateien, die auf Ihrer Festplatte dem von Ihnen verwendeten Browser zugeordnet gespeichert werden und durch welche der Stelle, die den Cookie setzt (hier durch uns), bestimmte Informationen zuflie\u00dfen. Cookies k\u00f6nnen keine Programme ausf\u00fchren oder Viren auf Ihren Computer \u00fcbertragen. Sie dienen dazu, das Internetangebot insgesamt nutzerfreundlicher und effektiver zu machen. Der Einsatz Einsatz von Cookies erfolgt in der Regel auf Basis des Art. 6 Abs. 1 S. 1 lit. a DSGVO.<\/p>\n\n\n\n<h2 class=\"wp-block-heading\" id=\"6-use-of-cookies\">6) Einsatz von Cookies:<\/h2>\n\n\n\n<p>a) Diese Website nutzt folgende Arten von Cookies, deren Umfang und Funktionsweise im Folgenden erl\u00e4utert werden:<\/p>\n\n\n\n<ul class=\"wp-block-list\">\n<li><em>Transiente Cookies (dazu b)<\/em><\/li>\n\n\n\n<li><em>Persistente Cookies (dazu c).<\/em><\/li>\n<\/ul>\n\n\n\n<p>b) Transiente Cookies werden automatisiert gel\u00f6scht, wenn Sie den Browser schlie\u00dfen. Dazu z\u00e4hlen insbesondere die Session-Cookies. Diese speichern eine sogenannte Session-ID, mit welcher sich verschiedene Anfragen Ihres Browsers der gemeinsamen Sitzung zuordnen lassen. Dadurch kann Ihr Rechner wiedererkannt werden, wenn Sie auf unsere Website zur\u00fcckkehren. Die Session-Cookies werden gel\u00f6scht, wenn Sie sich ausloggen oder den Browser schlie\u00dfen.<\/p>\n\n\n\n<p>c) Persistente Cookies werden automatisiert nach einer vorgegebenen Dauer gel\u00f6scht, die sich je nach Cookie unterscheiden kann. Sie k\u00f6nnen die Cookies in den Sicherheitseinstellungen Ihres Browsers jederzeit l\u00f6schen.<\/p>\n\n\n\n<p>d) Sie k\u00f6nnen Ihre Browser-Einstellung entsprechend Ihren W\u00fcnschen konfigurieren und z. B. die Annahme von Third-Party-Cookies oder allen Cookies ablehnen. Wir weisen Sie darauf hin, dass Sie eventuell nicht alle Funktionen dieser Website nutzen k\u00f6nnen. Sie k\u00f6nnen Ih-re Einwilligungen und Einstellungen, sowie die Informationen hier\u00fcber jederzeit im verwendeten Consenttool von Usercentrics einsehen und ab\u00e4ndern. (Daumenabddrucksymbol links unten auf dem Bildschirm)<\/p>\n\n\n\n<h2 class=\"wp-block-heading\" id=\"7-other-functions-and-offers-of-our-website\">7) Weitere Funktionen und Angebote unserer Website<\/h2>\n\n\n\n<p>a) Neben der rein informatorischen Nutzung unserer Website bieten wir verschiedene Leistungen an, die Sie bei Interesse nutzen k\u00f6nnen. Dazu m\u00fcssen Sie in der Regel weitere personenbezogene Daten angeben, die wir zur Erbringung der jeweiligen Leistung nutzen und f\u00fcr die die zuvor genannten Grunds\u00e4tze zur Datenverarbeitung gelten.<\/p>\n\n\n\n<p>b) Teilweise bedienen wir uns zur Verarbeitung Ihrer Daten externer Dienstleister. Diese wurden von uns sorgf\u00e4ltig ausgew\u00e4hlt und beauftragt, sind an unsere Weisungen gebunden und werden regelm\u00e4\u00dfig kontrolliert.<\/p>\n\n\n\n<p>c) Weiterhin k\u00f6nnen wir Ihre personenbezogenen Daten an Dritte weitergeben, wenn Aktionsteilnahmen, Gewinnspiele, Vertragsabschl\u00fcsse oder \u00e4hnliche Leistungen von uns gemeinsam mit Partnern angeboten werden. N\u00e4here Informationen hierzu erhalten Sie bei Angabe Ihrer personenbezogenen Daten oder untenstehend in der Beschreibung des Angebotes.<\/p>\n\n\n\n<p>d) Soweit unsere Dienstleister oder Partner ihren Sitz in einem Staat au\u00dferhalb des Europ\u00e4ischen Wirtschaftsraumes (EWR) haben, informieren wir Sie \u00fcber die Folgen dieses Um-stands in der Beschreibung des Angebotes.<\/p>\n\n\n\n<h2 class=\"wp-block-heading\" id=\"8-objection-or-revocation-against-the-processing-of-your-data\">8) Widerspruch oder Widerruf gegen die Verarbeitung Ihrer Daten<\/h2>\n\n\n\n<p>a) Falls Sie eine Einwilligung zur Verarbeitung Ihrer Daten erteilt haben, k\u00f6nnen Sie diese jederzeit widerrufen. Ein solcher Widerruf beeinflusst die Zul\u00e4ssigkeit der Verarbeitung Ihrer personenbezogenen Daten, nachdem Sie ihn gegen\u00fcber uns ausgesprochen haben.<\/p>\n\n\n\n<p>b) Soweit wir die Verarbeitung Ihrer personenbezogenen Daten auf die Interessenabw\u00e4gung st\u00fctzen, k\u00f6nnen Sie Widerspruch gegen die Verarbeitung einlegen. Dies ist der Fall, wenn die Verarbeitung insbesondere nicht zur Erf\u00fcllung eines Vertrags mit Ihnen erforderlich ist, was von uns jeweils bei der nachfolgenden Beschreibung der Funktionen dargestellt wird. Bei Aus\u00fcbung eines solchen Widerspruchs bitten wir um Darlegung der Gr\u00fcnde, weshalb wir Ihre personenbezogenen Daten nicht wie von uns durchgef\u00fchrt verarbeiten sollten. Im Falle Ihres begr\u00fcndeten Widerspruchs pr\u00fcfen wir die Sachlage und werden entweder die Datenverarbeitung einstellen bzw. anpassen oder Ihnen unsere zwingenden schutzw\u00fcrdigen Gr\u00fcnde aufzeigen, aufgrund derer wir die Verarbeitung fortf\u00fchren.<\/p>\n\n\n\n<p>c) Selbstverst\u00e4ndlich k\u00f6nnen Sie der Verarbeitung Ihrer personenbezogenen Daten f\u00fcr Zwecke der Werbung und Datenanalyse jederzeit widersprechen. \u00dcber Ihren Werbewiderspruch k\u00f6nnen Sie uns unter folgenden Kontaktdaten informieren: customerservicede at conexbanninger.com (at=@)<\/p>\n\n\n\n<h2 class=\"wp-block-heading\" id=\"10-contact-possibility-via-e-mail-or-contact-form\">9) Kontaktm\u00f6glichkeit via E-Mail oder Kontaktformular<\/h2>\n\n\n\n<p><em>Sie haben die M\u00f6glichkeit, mit uns per E-Mail in Kontakt zu treten. Die entsprechenden Adressen finden Sie auf unserer Webseite unter Kontakt.<\/em><\/p>\n\n\n\n<p><em>Sofern eine Kontaktaufnahme \u00fcber die von uns bereitgestellte E-Mail-Adresse erfolgt, werden die mit Ihrer E-Mail \u00fcbermittelten personenbezogenen Daten gespeichert. Rechtsgrundlage f\u00fcr die Verarbeitung Ihrer Daten ist insoweit Art. 6 Abs. 1 lit. f) DSGVO, da unsererseits ein berechtigtes Interesse an der Kontaktaufnahme mit Ihnen als (potenziellen) Kunden besteht.<\/em><\/p>\n\n\n\n<p><em>Steht die Kontaktaufnahme via E-Mail im Zusammenhang mit dem Abschluss oder der Durchf\u00fchrung eines Vertrages zwischen Ihnen und uns, so ist zus\u00e4tzlich Art. 6 Abs. 1 lit. b) DSGVO Rechtsgrundlage f\u00fcr die Verarbeitung.<\/em><\/p>\n\n\n\n<p><em>Personenbezogene Daten, die wir im Zusammenhang mit Ihrer Kontaktaufnahme via E-Mail speichern, verarbeiten wir ausschlie\u00dflich zur Bearbeitung Ihrer Kontaktaufnahme. Eine Weitergabe der Daten an Dritte erfolgt insoweit nicht.<\/em><\/p>\n\n\n\n<p><em>Wir l\u00f6schen Ihre Daten, sobald sie f\u00fcr die Erreichung des jeweiligen Zweckes ihrer Erhebung nicht mehr erforderlich sind. F\u00fcr personenbezogene Daten die per E-Mail \u00fcbertragen wurden, tritt dieser Fall ein, wenn die jeweilige Korrespondenz mit Ihnen beendet ist und sich aus den Umst\u00e4nden entnehmen l\u00e4sst, dass der betroffene Sachverhalt abschlie\u00dfend gekl\u00e4rt ist.<\/em><\/p>\n\n\n\n<p><em>Falls die Daten zur Erf\u00fcllung eines Vertrages oder zur Durchf\u00fchrung vorvertraglicher Ma\u00df-nahmen erforderlich sind, kann eine L\u00f6schung nur erfolgen, soweit vertragliche oder gesetzliche Verpflichtungen dies zulassen. Welche Speicherfristen hierbei gelten, muss f\u00fcr die jeweiligen Vertr\u00e4ge und Vertragsparteien individuell ermittelt werden.<\/em><\/p>\n\n\n\n<p><em>Sie k\u00f6nnen Ihre Einwilligung zur Verarbeitung der personenbezogenen Daten jederzeit wider-rufen. Im Falle einer Kontaktaufnahme per E-Mail k\u00f6nnen Sie der Speicherung Ihrer personenbezogenen Daten jederzeit widersprechen. Dazu richten Sie lediglich formlos eine entsprechende Nachricht an die zu Beginn dieser Datenschutzerkl\u00e4rung genannten Kontaktdaten.<\/em><\/p>\n\n\n\n<h2 class=\"wp-block-heading\" id=\"11-data-processing-for-applications\">10) Datenverarbeitungen bei Bewerbungen<\/h2>\n\n\n\n<p><em>Wenn Sie sich bei uns bewerben, verarbeiten wir diejenigen Informationen, die wir im Rahmen des Bewerbungsverfahrens von Ihnen erhalten, z.B. durch Bewerbungsschreiben, Lebenslauf, Zeugnisse, Schriftverkehr, telefonische oder m\u00fcndliche Angaben. F\u00fcr uns von Relevanz sind neben Ihren Kontaktdaten insbesondere Angaben zu Ihrer Ausbildung, Ihrer Qualifikation, Ihrer Arbeitserfahrung und Ihren F\u00e4higkeiten. Wir werden Sie nur nach Ihrer Eignung f\u00fcr die jeweilige Stelle beurteilen, sodass Sie uns kein Foto schicken m\u00fcssen.<\/em><em><\/em><\/p>\n\n\n\n<p><em>Ihre Daten werden zun\u00e4chst ausschlie\u00dflich zur Durchf\u00fchrung des Bewerbungsverfahrens verarbeitet. Bei Erfolg Ihrer Bewerbung werden sie Bestandteil Ihrer Personalakte und zur Durchf\u00fchrung und Beendigung des Besch\u00e4ftigungsverh\u00e4ltnisses verwendet und nach den f\u00fcr Personalakten geltenden Regelungen gel\u00f6scht. K\u00f6nnen wir Ihnen derzeit keine Besch\u00e4ftigung anbieten, verarbeiten wir Ihre Daten noch bis zu sechs Monate nach Versand der Absage, um uns gegen eventuelle Rechtsanspr\u00fcche zu verteidigen, insbesondere wegen einer angeblichen Benachteiligung im Bewerbungsverfahren. Soweit Sie Kostenerstattungen erhalten oder andere steuerrelevante Vorg\u00e4nge vorliegen, werden die entsprechenden Buchungsunterlagen zur Erf\u00fcllung der haushalts- und steuerrechtlichen Aufbewahrungspflichten gem\u00e4\u00df den jeweiligen geltenden Aufbewahrungspflichten aufbewahrt. Auf Ihre Daten haben zun\u00e4chst unsere Personalabteilung und die Abteilung \u201eRecruiting\u201c Zugriff, aber auch die Fachabteilung der Stelle, auf die Sie sich beworben haben und bei Bedarf die Buchhaltung. Unsere Administratoren und Auftragsverarbeiter haben technisch notwendig die M\u00f6glichkeit, auf mittels IT verarbeitete Daten zuzugreifen. Diese sind strikt an unsere Weisungen gebunden und d\u00fcrfen die Daten nicht zu eigenen Zwecken verarbeiten. In bestimmten F\u00e4llen m\u00fcssen wir Ihre personenbezogenen Daten Dritten offenlegen, etwa an unsere Bank, wenn Sie eine Kostenerstattung erhalten oder an die Post, wenn wir per Brief mit Ihnen kommunizieren.<\/em><em><\/em><\/p>\n\n\n\n<p><em>Rechtsgrundlage der Datenverarbeitung im Bewerbungsverfahren und als Bestandteil der Personalakte sind \u00a7 26 Abs. 1 S. 1 BDSG und Art. 6 Abs. 1  lit b DSGVO und, soweit Sie eine Einwilligung erteilt haben, etwa durch \u00dcbersendung nicht f\u00fcr das Bewerbungsverfahren notwendiger Angaben, Art. 6 Abs. 1 lit a DSGVO. Rechtsgrundlage der Datenverarbeitung nach einer Absage ist Art. 6 Abs. 1 lit f DSGVO. Rechtsgrundlage f\u00fcr die haushalts- und steuerrechtliche Aufbewahrung ist Art. 6 Abs. 1 lit. c DSGVO i.V.m. \u00a7 147 AO. Berechtigtes Interesse bei Verarbeitung auf der Basis von Art. 6 Abs. 1 lit f DSGVO ist die Verteidigung gegen Rechtsanspr\u00fcche.<\/em><em><\/em><\/p>\n\n\n\n<p><em>Wir ben\u00f6tigen f\u00fcr den Bewerbungsprozess in der Regel keine besonderen Kategorien personenbezogener Daten i.S.d. Art. 9 DSGVO. Wir bitten Sie, uns von vornherein keine derartigen Informationen zukommen zu lassen. Wenn solche Informationen ausnahmsweise f\u00fcr den Bewerbungsprozess relevant sind, verarbeiten wir sie zusammen mit Ihren anderen Bewerberdaten. Dies kann beispielsweise Angaben \u00fcber eine Schwerbehinderung betreffen, die Sie uns freiwillig machen k\u00f6nnen und die wir dann zur Erf\u00fcllung unserer besonderen Verpflichtungen im Hinblick auf Schwerbehinderte verarbeiten m\u00fcssen. In diesen F\u00e4llen dient die Verarbeitung der Aus\u00fcbung von Rechten oder der Erf\u00fcllung von rechtlichen Pflichten aus dem Arbeitsrecht, dem Recht der sozialen Sicherheit und dem Sozialschutz. Rechtsgrundlage der Datenverarbeitung sind dann Art. 9 Abs. 2 lit. b DSGVO, \u00a7\u00a7 26 Abs. 3 BDSG, 164 SGB IX. Ausnahmsweise kann es erforderlich sein, zur Beurteilung Ihrer Eignung f\u00fcr die vorgesehene T\u00e4tigkeit Informationen \u00fcber Ihre Gesundheit oder eine Behinderung oder eine Auskunft aus dem Bundeszentralregister, d.h. \u00fcber Vorstrafen, einzuholen. Rechtsgrundlage hierf\u00fcr ist \u00a7 26 BDSG. Ihre Daten werden von unserer Seite weder f\u00fcr eine automatisierte Entscheidungsfindung oder f\u00fcr ein Profiling verwendet. Ihre Daten werden dabei durch uns oder in unserem Auftrag ausschlie\u00dflich in Deutschland verarbeitet.<\/em><em><\/em><\/p>\n\n\n\n<div style=\"height:100px\" aria-hidden=\"true\" class=\"wp-block-spacer\"><\/div>","protected":false},"excerpt":{"rendered":"<p>Privacy Policy 1) Responsibility for your data IBP GmbHTheodor-Heuss-Strasse 18,35440 Linden Tel.: +49 64 03 77 85 &#8211; 0 As our customer, you expect a high level of quality not only from our products, but also in the processing of your personal data. We are responsible for handling your data, which we process according to&hellip; <a class=\"more-link\" href=\"https:\/\/bgtooling.online\/de\/privacy-policy\/\"><span class=\"screen-reader-text\">Datenschutzerkl\u00e4rung<\/span> weiterlesen<\/a><\/p>","protected":false},"author":1,"featured_media":0,"parent":0,"menu_order":0,"comment_status":"closed","ping_status":"closed","template":"","meta":{"footnotes":""},"class_list":["post-327","page","type-page","status-publish","hentry","entry"],"yoast_head":"<!-- This site is optimized with the Yoast SEO plugin v27.4 - https:\/\/yoast.com\/product\/yoast-seo-wordpress\/ -->\n<title>Privacy policy - BGTooling - Precision Engineering<\/title>\n<meta name=\"robots\" content=\"index, follow, max-snippet:-1, max-image-preview:large, max-video-preview:-1\" \/>\n<link rel=\"canonical\" href=\"https:\/\/bgtooling.online\/de\/privacy-policy\/\" \/>\n<meta property=\"og:locale\" content=\"de_DE\" \/>\n<meta property=\"og:type\" content=\"article\" \/>\n<meta property=\"og:title\" content=\"Privacy policy - BGTooling - Precision Engineering\" \/>\n<meta property=\"og:description\" content=\"Privacy Policy 1) Responsibility for your data IBP GmbHTheodor-Heuss-Strasse 18,35440 Linden Tel.: +49 64 03 77 85 &#8211; 0 As our customer, you expect a high level of quality not only from our products, but also in the processing of your personal data. We are responsible for handling your data, which we process according to&hellip; Privacy policy weiterlesen\" \/>\n<meta property=\"og:url\" content=\"https:\/\/bgtooling.online\/de\/privacy-policy\/\" \/>\n<meta property=\"og:site_name\" content=\"BGTooling - Precision Engineering\" \/>\n<meta property=\"article:modified_time\" content=\"2022-11-08T14:47:58+00:00\" \/>\n<meta name=\"twitter:card\" content=\"summary_large_image\" \/>\n<meta name=\"twitter:label1\" content=\"Gesch\u00e4tzte Lesezeit\" \/>\n\t<meta name=\"twitter:data1\" content=\"10\u00a0Minuten\" \/>\n<script type=\"application\/ld+json\" class=\"yoast-schema-graph\">{\"@context\":\"https:\\\/\\\/schema.org\",\"@graph\":[{\"@type\":\"WebPage\",\"@id\":\"https:\\\/\\\/bgtooling.online\\\/privacy-policy\\\/\",\"url\":\"https:\\\/\\\/bgtooling.online\\\/privacy-policy\\\/\",\"name\":\"Privacy policy - BGTooling - Precision Engineering\",\"isPartOf\":{\"@id\":\"https:\\\/\\\/bgtooling.online\\\/de\\\/#website\"},\"datePublished\":\"2021-09-08T12:07:52+00:00\",\"dateModified\":\"2022-11-08T14:47:58+00:00\",\"breadcrumb\":{\"@id\":\"https:\\\/\\\/bgtooling.online\\\/privacy-policy\\\/#breadcrumb\"},\"inLanguage\":\"de\",\"potentialAction\":[{\"@type\":\"ReadAction\",\"target\":[\"https:\\\/\\\/bgtooling.online\\\/privacy-policy\\\/\"]}]},{\"@type\":\"BreadcrumbList\",\"@id\":\"https:\\\/\\\/bgtooling.online\\\/privacy-policy\\\/#breadcrumb\",\"itemListElement\":[{\"@type\":\"ListItem\",\"position\":1,\"name\":\"Home\",\"item\":\"https:\\\/\\\/bgtooling.online\\\/de\\\/\"},{\"@type\":\"ListItem\",\"position\":2,\"name\":\"Privacy policy\"}]},{\"@type\":\"WebSite\",\"@id\":\"https:\\\/\\\/bgtooling.online\\\/de\\\/#website\",\"url\":\"https:\\\/\\\/bgtooling.online\\\/de\\\/\",\"name\":\"BGTooling - Precision Engineering\",\"description\":\"Leading Progress &amp; Innovation\",\"publisher\":{\"@id\":\"https:\\\/\\\/bgtooling.online\\\/de\\\/#organization\"},\"potentialAction\":[{\"@type\":\"SearchAction\",\"target\":{\"@type\":\"EntryPoint\",\"urlTemplate\":\"https:\\\/\\\/bgtooling.online\\\/de\\\/?s={search_term_string}\"},\"query-input\":{\"@type\":\"PropertyValueSpecification\",\"valueRequired\":true,\"valueName\":\"search_term_string\"}}],\"inLanguage\":\"de\"},{\"@type\":\"Organization\",\"@id\":\"https:\\\/\\\/bgtooling.online\\\/de\\\/#organization\",\"name\":\"BGTooling - Precision Engineering\",\"url\":\"https:\\\/\\\/bgtooling.online\\\/de\\\/\",\"logo\":{\"@type\":\"ImageObject\",\"inLanguage\":\"de\",\"@id\":\"https:\\\/\\\/bgtooling.online\\\/de\\\/#\\\/schema\\\/logo\\\/image\\\/\",\"url\":\"https:\\\/\\\/bgtooling.online\\\/wp-content\\\/uploads\\\/2021\\\/09\\\/Banninger-Global-Tooling-RGB.png\",\"contentUrl\":\"https:\\\/\\\/bgtooling.online\\\/wp-content\\\/uploads\\\/2021\\\/09\\\/Banninger-Global-Tooling-RGB.png\",\"width\":2044,\"height\":798,\"caption\":\"BGTooling - Precision Engineering\"},\"image\":{\"@id\":\"https:\\\/\\\/bgtooling.online\\\/de\\\/#\\\/schema\\\/logo\\\/image\\\/\"}}]}<\/script>\n<!-- \/ Yoast SEO plugin. -->","yoast_head_json":{"title":"Privacy policy - BGTooling - Precision Engineering","robots":{"index":"index","follow":"follow","max-snippet":"max-snippet:-1","max-image-preview":"max-image-preview:large","max-video-preview":"max-video-preview:-1"},"canonical":"https:\/\/bgtooling.online\/de\/privacy-policy\/","og_locale":"de_DE","og_type":"article","og_title":"Privacy policy - BGTooling - Precision Engineering","og_description":"Privacy Policy 1) Responsibility for your data IBP GmbHTheodor-Heuss-Strasse 18,35440 Linden Tel.: +49 64 03 77 85 &#8211; 0 As our customer, you expect a high level of quality not only from our products, but also in the processing of your personal data. We are responsible for handling your data, which we process according to&hellip; Privacy policy weiterlesen","og_url":"https:\/\/bgtooling.online\/de\/privacy-policy\/","og_site_name":"BGTooling - Precision Engineering","article_modified_time":"2022-11-08T14:47:58+00:00","twitter_card":"summary_large_image","twitter_misc":{"Gesch\u00e4tzte Lesezeit":"10\u00a0Minuten"},"schema":{"@context":"https:\/\/schema.org","@graph":[{"@type":"WebPage","@id":"https:\/\/bgtooling.online\/privacy-policy\/","url":"https:\/\/bgtooling.online\/privacy-policy\/","name":"Privacy policy - BGTooling - Precision Engineering","isPartOf":{"@id":"https:\/\/bgtooling.online\/de\/#website"},"datePublished":"2021-09-08T12:07:52+00:00","dateModified":"2022-11-08T14:47:58+00:00","breadcrumb":{"@id":"https:\/\/bgtooling.online\/privacy-policy\/#breadcrumb"},"inLanguage":"de","potentialAction":[{"@type":"ReadAction","target":["https:\/\/bgtooling.online\/privacy-policy\/"]}]},{"@type":"BreadcrumbList","@id":"https:\/\/bgtooling.online\/privacy-policy\/#breadcrumb","itemListElement":[{"@type":"ListItem","position":1,"name":"Home","item":"https:\/\/bgtooling.online\/de\/"},{"@type":"ListItem","position":2,"name":"Privacy policy"}]},{"@type":"WebSite","@id":"https:\/\/bgtooling.online\/de\/#website","url":"https:\/\/bgtooling.online\/de\/","name":"BGTooling - Precision Engineering","description":"Leading Progress &amp; Innovation","publisher":{"@id":"https:\/\/bgtooling.online\/de\/#organization"},"potentialAction":[{"@type":"SearchAction","target":{"@type":"EntryPoint","urlTemplate":"https:\/\/bgtooling.online\/de\/?s={search_term_string}"},"query-input":{"@type":"PropertyValueSpecification","valueRequired":true,"valueName":"search_term_string"}}],"inLanguage":"de"},{"@type":"Organization","@id":"https:\/\/bgtooling.online\/de\/#organization","name":"BGTooling - Precision Engineering","url":"https:\/\/bgtooling.online\/de\/","logo":{"@type":"ImageObject","inLanguage":"de","@id":"https:\/\/bgtooling.online\/de\/#\/schema\/logo\/image\/","url":"https:\/\/bgtooling.online\/wp-content\/uploads\/2021\/09\/Banninger-Global-Tooling-RGB.png","contentUrl":"https:\/\/bgtooling.online\/wp-content\/uploads\/2021\/09\/Banninger-Global-Tooling-RGB.png","width":2044,"height":798,"caption":"BGTooling - Precision Engineering"},"image":{"@id":"https:\/\/bgtooling.online\/de\/#\/schema\/logo\/image\/"}}]}},"_links":{"self":[{"href":"https:\/\/bgtooling.online\/de\/wp-json\/wp\/v2\/pages\/327","targetHints":{"allow":["GET"]}}],"collection":[{"href":"https:\/\/bgtooling.online\/de\/wp-json\/wp\/v2\/pages"}],"about":[{"href":"https:\/\/bgtooling.online\/de\/wp-json\/wp\/v2\/types\/page"}],"author":[{"embeddable":true,"href":"https:\/\/bgtooling.online\/de\/wp-json\/wp\/v2\/users\/1"}],"replies":[{"embeddable":true,"href":"https:\/\/bgtooling.online\/de\/wp-json\/wp\/v2\/comments?post=327"}],"version-history":[{"count":7,"href":"https:\/\/bgtooling.online\/de\/wp-json\/wp\/v2\/pages\/327\/revisions"}],"predecessor-version":[{"id":1062,"href":"https:\/\/bgtooling.online\/de\/wp-json\/wp\/v2\/pages\/327\/revisions\/1062"}],"wp:attachment":[{"href":"https:\/\/bgtooling.online\/de\/wp-json\/wp\/v2\/media?parent=327"}],"curies":[{"name":"wp","href":"https:\/\/api.w.org\/{rel}","templated":true}]}}